{"id":100,"date":"2017-01-03T16:25:21","date_gmt":"2017-01-03T16:25:21","guid":{"rendered":"http:\/\/foxthemes.com\/web\/wp\/prague.1.2.0\/?page_id=100"},"modified":"2022-06-01T06:58:46","modified_gmt":"2022-06-01T06:58:46","slug":"serveis","status":"publish","type":"page","link":"https:\/\/ccb24.cat\/?page_id=100","title":{"rendered":"Serveis"},"content":{"rendered":"<div class=\"wpb-content-wrapper\"><p>[vc_row full_width=&#8221;stretch_row_content_no_spaces&#8221;][vc_column][vc_banner_title color_style=&#8221;light&#8221; subtitle=&#8221;PROPOSEM&#8221; title=&#8221;els millors serveis&#8221; img=&#8221;3168&#8243; enable_overlay=&#8221;true&#8221; enable_fullheight=&#8221;true&#8221; columns=&#8221;%5B%7B%7D%5D&#8221;][\/vc_banner_title][\/vc_column][\/vc_row][vc_row][vc_column width=&#8221;1\/3&#8243;][\/vc_column][vc_column width=&#8221;1\/3&#8243;][vc_headings title=&#8221;Transformar el coneixement en creaci\u00f3&#8221; subtitle=&#8221;ELS NOSTRES PRINCIPIS&#8221;]El principi b\u00e0sic de l&#8217;estudi CCB24 d&#8217;arquitectura \u00e9s la concepci\u00f3 col\u00b7lectiva. Des dels inicis, la pr\u00e0ctica de l&#8217;arquitectura ha cregut amb les virtuts de l&#8217;intercanvi, compartint idees, esfor\u00e7 en com\u00fa, coneixement mutu i entusiasme. CCB24 sorgeix d&#8217;una arquitectura socialment compromesa, amb una constant atenci\u00f3 per la qualitat dels espais i els usos. Els projectes realitzats els \u00faltims anys ho demostren, i nodreix la idea de qualitat arquitect\u00f2nica la qual acaba sent l&#8217;objectiu.[\/vc_headings][\/vc_column][vc_column width=&#8221;1\/3&#8243;][\/vc_column][\/vc_row][vc_row full_width=&#8221;stretch_row_content_no_spaces&#8221; desctop_mt=&#8221;margin-lg-70t&#8221; tablets_mt=&#8221;margin-sm-50t&#8221;][vc_column][vc_wrapper title=&#8221;aix\u00f2 \u00e9s el que oferim&#8221; subtitle=&#8221;SERVEIS&#8221; image=&#8221;2723&#8243; color_style=&#8221;light&#8221;][vc_row_inner][vc_column_inner width=&#8221;1\/3&#8243; css=&#8221;.vc_custom_1534237320801{background-color: #ffffff !important;}&#8221;][vc_single_image image=&#8221;3398&#8243; alignment=&#8221;center&#8221; style=&#8221;vc_box_circle_2&#8243;][vc_column_text]<\/p>\n<h3 style=\"text-align: center;\">obra nova<strong><br \/>\n<\/strong><\/h3>\n<p>[\/vc_column_text][vc_column_text]<\/p>\n<p style=\"text-align: center;\"><span style=\"color: #000000;\">Projectes a mida, espais que no et deixaran indiferent, amb el m\u00e0xim confort i les millors prestacions energ\u00e8tiques i sostenibles<\/span><\/p>\n<p>[\/vc_column_text][\/vc_column_inner][vc_column_inner width=&#8221;1\/3&#8243; css=&#8221;.vc_custom_1534238387414{background-color: #ffffff !important;}&#8221;][vc_single_image image=&#8221;3351&#8243; alignment=&#8221;center&#8221; style=&#8221;vc_box_circle_2&#8243;][vc_column_text]<\/p>\n<h3 style=\"text-align: center;\">reforma<\/h3>\n<p>[\/vc_column_text][vc_column_text]<\/p>\n<p style=\"text-align: center;\"><span style=\"color: #000000;\">Reformes inimaginables, respectem l&#8217;esc\u00e8ncia original dels espais i els capgirem per tal d&#8217;adaptar-los a les noves necessitats del segle XXI<\/span><\/p>\n<p>[\/vc_column_text][\/vc_column_inner][vc_column_inner width=&#8221;1\/3&#8243; css=&#8221;.vc_custom_1534238395031{background-color: #ffffff !important;}&#8221;][vc_single_image image=&#8221;2786&#8243; alignment=&#8221;center&#8221; style=&#8221;vc_box_circle_2&#8243;][vc_column_text]<\/p>\n<h3 style=\"text-align: center;\">planejament<\/h3>\n<p>[\/vc_column_text][vc_column_text]<\/p>\n<p style=\"text-align: center;\"><span style=\"color: #000000;\">El\u00b7laborem estudis de planificaci\u00f3 i desenvolupem eines de gesti\u00f3 urban\u00edsitca per als vostres projectes<\/span><\/p>\n<p>[\/vc_column_text][\/vc_column_inner][\/vc_row_inner][vc_row_inner][vc_column_inner width=&#8221;1\/3&#8243; css=&#8221;.vc_custom_1534237320801{background-color: #ffffff !important;}&#8221;][vc_single_image image=&#8221;3390&#8243; alignment=&#8221;center&#8221; style=&#8221;vc_box_circle_2&#8243;][vc_column_text]<\/p>\n<h3 style=\"text-align: center;\">interiorisme<\/h3>\n<p>[\/vc_column_text][vc_column_text]<\/p>\n<p style=\"text-align: center;\"><span style=\"color: #000000;\">Transformem els espais, els capgirem, i te&#8217;n faries creus de com pot arribar a ser el teu habitatge amb les nostres actuacions d&#8217;interiorisme!<br \/>\n<\/span>[\/vc_column_text][\/vc_column_inner][vc_column_inner width=&#8221;1\/3&#8243; css=&#8221;.vc_custom_1534238387414{background-color: #ffffff !important;}&#8221;][vc_single_image image=&#8221;2789&#8243; alignment=&#8221;center&#8221; style=&#8221;vc_box_circle_2&#8243;][vc_column_text]<\/p>\n<h3 style=\"text-align: center;\">certificats<\/h3>\n<p>[\/vc_column_text][vc_column_text]<\/p>\n<p style=\"text-align: center;\"><span style=\"color: #000000;\">El\u00b7laborem tot tipus de certificats, c\u00e8dules, certificats energ\u00e8tics, inspeccions t\u00e8cniques de l&#8217;edifici (ITE), etc<\/span><span style=\"color: #808080;\"><br \/>\n<\/span>[\/vc_column_text][\/vc_column_inner][vc_column_inner width=&#8221;1\/3&#8243; css=&#8221;.vc_custom_1534238395031{background-color: #ffffff !important;}&#8221;][vc_single_image image=&#8221;2794&#8243; alignment=&#8221;center&#8221; style=&#8221;vc_box_circle_2&#8243;][vc_column_text]<\/p>\n<h3 style=\"text-align: center;\">consultes<\/h3>\n<p>[\/vc_column_text][vc_column_text]<\/p>\n<p style=\"text-align: center;\"><span style=\"color: #000000;\">Et treiem de dubtes, consulta&#8217;ns la teva operaci\u00f3 sense cap comprom\u00eds i busquem sol\u00b7lucions per a fer-la possible!<br \/>\n<\/span>[\/vc_column_text][\/vc_column_inner][\/vc_row_inner][\/vc_wrapper][\/vc_column][\/vc_row][vc_row][vc_column][vc_empty_space height=&#8221;100&#8243;][\/vc_column][\/vc_row]<\/p>\n<\/div>","protected":false},"excerpt":{"rendered":"<p>[vc_row full_width=&#8221;stretch_row_content_no_spaces&#8221;][vc_column][vc_banner_title color_style=&#8221;light&#8221; subtitle=&#8221;PROPOSEM&#8221; title=&#8221;els millors serveis&#8221; img=&#8221;3168&#8243; enable_overlay=&#8221;true&#8221; enable_fullheight=&#8221;true&#8221; columns=&#8221;%5B%7B%7D%5D&#8221;][\/vc_banner_title][\/vc_column][\/vc_row][vc_row][vc_column width=&#8221;1\/3&#8243;][\/vc_column][vc_column width=&#8221;1\/3&#8243;][vc_headings title=&#8221;Transformar el coneixement en creaci\u00f3&#8221; subtitle=&#8221;ELS NOSTRES<\/p>\n","protected":false},"author":1,"featured_media":0,"parent":0,"menu_order":0,"comment_status":"closed","ping_status":"closed","template":"","meta":{"footnotes":""},"class_list":["post-100","page","type-page","status-publish","hentry"],"_links":{"self":[{"href":"https:\/\/ccb24.cat\/index.php?rest_route=\/wp\/v2\/pages\/100","targetHints":{"allow":["GET"]}}],"collection":[{"href":"https:\/\/ccb24.cat\/index.php?rest_route=\/wp\/v2\/pages"}],"about":[{"href":"https:\/\/ccb24.cat\/index.php?rest_route=\/wp\/v2\/types\/page"}],"author":[{"embeddable":true,"href":"https:\/\/ccb24.cat\/index.php?rest_route=\/wp\/v2\/users\/1"}],"replies":[{"embeddable":true,"href":"https:\/\/ccb24.cat\/index.php?rest_route=%2Fwp%2Fv2%2Fcomments&post=100"}],"version-history":[{"count":73,"href":"https:\/\/ccb24.cat\/index.php?rest_route=\/wp\/v2\/pages\/100\/revisions"}],"predecessor-version":[{"id":3528,"href":"https:\/\/ccb24.cat\/index.php?rest_route=\/wp\/v2\/pages\/100\/revisions\/3528"}],"wp:attachment":[{"href":"https:\/\/ccb24.cat\/index.php?rest_route=%2Fwp%2Fv2%2Fmedia&parent=100"}],"curies":[{"name":"wp","href":"https:\/\/api.w.org\/{rel}","templated":true}]}}