{"id":961,"date":"2017-02-01T13:12:22","date_gmt":"2017-02-01T13:12:22","guid":{"rendered":"http:\/\/foxthemes.com\/web\/wp\/prague.1.2.0\/?page_id=961"},"modified":"2025-01-05T15:47:18","modified_gmt":"2025-01-05T15:47:18","slug":"onepage-home","status":"publish","type":"page","link":"https:\/\/ccb24.cat\/","title":{"rendered":"OnePage Home"},"content":{"rendered":"<div class=\"wpb-content-wrapper\"><p>[vc_row full_width=&#8221;stretch_row_content_no_spaces&#8221;][vc_column][vc_banner_title style=&#8221;big&#8221; color_style=&#8221;light&#8221; subtitle=&#8221;C\/CB24 ARQUITECTURA&#8221; title=&#8221;Tens una idea. Creem el teu espai&#8221; img=&#8221;3580&#8243; button=&#8221;url:https%3A%2F%2Fccb24.cat%2Fcontacte%2F|title:CONTACTE&#8221; enable_overlay=&#8221;true&#8221; enable_fullheight=&#8221;true&#8221; columns=&#8221;%5B%7B%7D%5D&#8221;][\/vc_banner_title][\/vc_column][\/vc_row][vc_row desctop_mt=&#8221;margin-lg-70t&#8221;][vc_column width=&#8221;1\/3&#8243;][\/vc_column][vc_column width=&#8221;1\/3&#8243;][vc_headings title=&#8221;Arquitectura de proximitat<br \/>\namb dissenys creatius&#8221; subtitle=&#8221;L&#8217;ESS\u00c8NCIA&#8221;]El nostre equip ho t\u00e9 tot en compte, des de la concepci\u00f3 de la idea, al seu desenvolupament i organitzaci\u00f3. Creiem amb les tradicions i les incorporem en els nostres dissenys de manera innovadora. Tots els nostres projectes tenen una imatge \u00fanica, sense menystenir la funcionalitat, amb un clar comprom\u00eds amb el medi ambient, la sostenibilitat dels materials, i l&#8217;efici\u00e8ncia energ\u00e8tica.[\/vc_headings][\/vc_column][vc_column width=&#8221;1\/3&#8243;][\/vc_column][\/vc_row][vc_row desctop_mt=&#8221;margin-lg-55t&#8221; tablets_mt=&#8221;margin-sm-20t&#8221;][vc_column][vc_headings title=&#8221;fets amb passi\u00f3&#8221; subtitle=&#8221;\u00daLTIMS PROJECTES&#8221;][\/vc_headings][\/vc_column][\/vc_row][vc_row full_width=&#8221;stretch_row_content&#8221; desctop_mt=&#8221;margin-lg-35t&#8221; tablets_mt=&#8221;margin-sm-20t&#8221;][vc_column][vc_projects_posts templates=&#8221;masonry&#8221; post_type=&#8221;projects&#8221; total_columns=&#8221;prague_count_col4&#8243; gap_columns=&#8221;prague_gap_col15&#8243; image_original_size=&#8221;large&#8221; enable_load_more=&#8221;true&#8221; button_link_class=&#8221;prague-services-link a-btn-2 simple&#8221; button_span_class=&#8221;a-btn-line&#8221; posts_per_page=&#8221;18&#8243;][\/vc_column][\/vc_row][vc_row full_width=&#8221;stretch_row_content_no_spaces&#8221; desctop_mt=&#8221;margin-lg-70t&#8221; tablets_mt=&#8221;margin-sm-50t&#8221;][vc_column][vc_wrapper title=&#8221;aix\u00f2 \u00e9s el que oferim&#8221; subtitle=&#8221;SERVEIS&#8221; image=&#8221;2723&#8243; color_style=&#8221;light&#8221;][vc_row_inner][vc_column_inner width=&#8221;1\/3&#8243; css=&#8221;.vc_custom_1534237320801{background-color: #ffffff !important;}&#8221;][vc_single_image image=&#8221;3398&#8243; alignment=&#8221;center&#8221; style=&#8221;vc_box_circle_2&#8243;][vc_column_text]<\/p>\n<h3 style=\"text-align: center;\">obra nova<strong><br \/>\n<\/strong><\/h3>\n<p>[\/vc_column_text][vc_column_text]<\/p>\n<p style=\"text-align: center;\"><span style=\"color: #000000;\">Projectes a mida, espais que no et deixaran indiferent, amb el m\u00e0xim confort i les millors prestacions energ\u00e8tiques i sostenibles<\/span><\/p>\n<p>[\/vc_column_text][\/vc_column_inner][vc_column_inner width=&#8221;1\/3&#8243; css=&#8221;.vc_custom_1534238387414{background-color: #ffffff !important;}&#8221;][vc_single_image image=&#8221;3351&#8243; alignment=&#8221;center&#8221; style=&#8221;vc_box_circle_2&#8243;][vc_column_text]<\/p>\n<h3 style=\"text-align: center;\">reforma<\/h3>\n<p>[\/vc_column_text][vc_column_text]<\/p>\n<p style=\"text-align: center;\"><span style=\"color: #000000;\">Reformes inimaginables, respectem l&#8217;esc\u00e8ncia original dels espais i els capgirem per tal d&#8217;adaptar-los a les noves necessitats del segle XXI<\/span><\/p>\n<p>[\/vc_column_text][\/vc_column_inner][vc_column_inner width=&#8221;1\/3&#8243; css=&#8221;.vc_custom_1534238395031{background-color: #ffffff !important;}&#8221;][vc_single_image image=&#8221;2786&#8243; alignment=&#8221;center&#8221; style=&#8221;vc_box_circle_2&#8243;][vc_column_text]<\/p>\n<h3 style=\"text-align: center;\">planejament<\/h3>\n<p>[\/vc_column_text][vc_column_text]<\/p>\n<p style=\"text-align: center;\"><span style=\"color: #000000;\">El\u00b7laborem estudis de planificaci\u00f3 i desenvolupem eines de gesti\u00f3 urban\u00edsitca per als vostres projectes<\/span><\/p>\n<p>[\/vc_column_text][\/vc_column_inner][\/vc_row_inner][vc_row_inner][vc_column_inner width=&#8221;1\/3&#8243; css=&#8221;.vc_custom_1534237320801{background-color: #ffffff !important;}&#8221;][vc_single_image image=&#8221;3390&#8243; alignment=&#8221;center&#8221; style=&#8221;vc_box_circle_2&#8243;][vc_column_text]<\/p>\n<h3 style=\"text-align: center;\">interiorisme<\/h3>\n<p>[\/vc_column_text][vc_column_text]<\/p>\n<p style=\"text-align: center;\"><span style=\"color: #000000;\">Transformem els espais, els capgirem, i te&#8217;n faries creus de com pot arribar a ser el teu habitatge amb les nostres actuacions d&#8217;interiorisme!<br \/>\n<\/span>[\/vc_column_text][\/vc_column_inner][vc_column_inner width=&#8221;1\/3&#8243; css=&#8221;.vc_custom_1534238387414{background-color: #ffffff !important;}&#8221;][vc_single_image image=&#8221;2789&#8243; alignment=&#8221;center&#8221; style=&#8221;vc_box_circle_2&#8243;][vc_column_text]<\/p>\n<h3 style=\"text-align: center;\">certificats<\/h3>\n<p>[\/vc_column_text][vc_column_text]<\/p>\n<p style=\"text-align: center;\"><span style=\"color: #000000;\">El\u00b7laborem tot tipus de certificats, c\u00e8dules, certificats energ\u00e8tics, inspeccions t\u00e8cniques de l&#8217;edifici (ITE), etc<\/span><span style=\"color: #808080;\"><br \/>\n<\/span>[\/vc_column_text][\/vc_column_inner][vc_column_inner width=&#8221;1\/3&#8243; css=&#8221;.vc_custom_1534238395031{background-color: #ffffff !important;}&#8221;][vc_single_image image=&#8221;2794&#8243; alignment=&#8221;center&#8221; style=&#8221;vc_box_circle_2&#8243;][vc_column_text]<\/p>\n<h3 style=\"text-align: center;\">consultes<\/h3>\n<p>[\/vc_column_text][vc_column_text]<\/p>\n<p style=\"text-align: center;\"><span style=\"color: #000000;\">Et treiem de dubtes, consulta&#8217;ns la teva operaci\u00f3 sense cap comprom\u00eds i busquem sol\u00b7lucions per a fer-la possible!<br \/>\n<\/span>[\/vc_column_text][\/vc_column_inner][\/vc_row_inner][\/vc_wrapper][vc_empty_space][\/vc_column][\/vc_row][vc_row desctop_mt=&#8221;margin-lg-55t&#8221; tablets_mt=&#8221;margin-sm-20t&#8221;][vc_column][vc_headings title=&#8221;m\u00e8rits&#8221; subtitle=&#8221;D&#8217;ON VENIM?&#8221;][\/vc_headings][\/vc_column][\/vc_row][vc_row][vc_column offset=&#8221;vc_col-md-6&#8243;][vc_awards list_awards=&#8221;%5B%7B%22year%22%3A%222018%22%2C%22title%22%3A%22Parc%20Cors-Guinard%20de%20Celr%C3%A0%22%2C%22subtitle%22%3A%22EQUIP%20REDACTOR%22%2C%22separator%22%3A%22true%22%7D%2C%7B%22year%22%3A%222017%22%2C%22title%22%3A%22Reordenaci%C3%B3%20dels%20espais%20urbans%20al%20sector%20de%20port%20i%20platja%20de%20Cannet-en-Roussillon%22%2C%22subtitle%22%3A%22EQUIP%20REDACTOR%22%2C%22separator%22%3A%22true%22%7D%2C%7B%22year%22%3A%222017%22%2C%22title%22%3A%22Pla%20d%E2%80%99Ordenaci%C3%B3%20Urban%C3%ADstica%20Municipal%20de%20Verges%22%2C%22subtitle%22%3A%22EQUIP%20REDACTOR%22%2C%22separator%22%3A%22true%22%7D%2C%7B%22year%22%3A%222017%22%2C%22title%22%3A%22Espai%20Benvinguda%20del%20Montgr%C3%AD%20a%20Torroella%20de%20Montgr%C3%AD%22%2C%22subtitle%22%3A%22EQUIP%20REDACTOR%22%2C%22separator%22%3A%22true%22%7D%2C%7B%22year%22%3A%222017%22%2C%22title%22%3A%22Pla%20de%20Manteniment%20dels%20edificis%20p%C3%BAblics%20de%20Palam%C3%B3s%22%2C%22subtitle%22%3A%22EQUIP%20REDACTOR%22%2C%22separator%22%3A%22true%22%7D%5D&#8221;][\/vc_column][vc_column offset=&#8221;vc_col-md-6&#8243;][vc_awards list_awards=&#8221;%5B%7B%22year%22%3A%222017%22%2C%22title%22%3A%22Concurs%20per%20a%20l%E2%80%99ordenaci%C3%B3%20i%20adequaci%C3%B3%20de%20la%20pla%C3%A7a%20dels%20Dies%20Feiners%20de%20Blanes%22%2C%22subtitle%22%3A%22FINALISTA%22%2C%22separator%22%3A%22true%22%7D%2C%7B%22year%22%3A%222016%22%2C%22title%22%3A%22Concurs%20pels%20nous%20edificis%20del%20Club%20N%C3%A0utic%20Costa%20Brava%20de%20Palam%C3%B3s%22%2C%22subtitle%22%3A%22FINALISTA%22%2C%22separator%22%3A%22true%22%7D%2C%7B%22year%22%3A%222014%22%2C%22title%22%3A%22Master-Plan%20Urban%C3%ADstic%20zona%20Port%20de%20Canet-en-Roussillon%22%2C%22subtitle%22%3A%22EQUIP%20REDACTOR%22%2C%22separator%22%3A%22true%22%7D%2C%7B%22year%22%3A%222013-2014%22%2C%22title%22%3A%22Temps%20de%20Flors%20Girona%22%2C%22subtitle%22%3A%22ACTUACI%C3%93%20A%20CASA%20DE%20LA%20CULTURA%20I%20ALS%20JARDINS%20DEL%20DOCTOR%20FIGUERES%22%2C%22separator%22%3A%22true%22%7D%2C%7B%22year%22%3A%222012%22%2C%22title%22%3A%22Repensar%20el%20front%20mar%C3%ADtim%20de%20Cala%20Millor%20a%20Mallorca%22%2C%22subtitle%22%3A%22MENCI%C3%93%20D&#8217;HONOR%22%7D%5D&#8221;][\/vc_column][\/vc_row][vc_row full_width=&#8221;stretch_row_content_no_spaces&#8221;][vc_column][vc_banner_title style=&#8221;big&#8221; color_style=&#8221;light&#8221; subtitle=&#8221;CONTACTEM&#8221; title=&#8221;per un nou projecte&#8221; img=&#8221;3102&#8243; enable_overlay=&#8221;true&#8221; columns=&#8221;%5B%7B%22title_col%22%3A%22TEL%C3%88FON%22%2C%22subtitle_col%22%3A%22%2B34%20650%20139%20666%22%2C%22divider%22%3A%22true%22%7D%2C%7B%22title_col%22%3A%22EMAIL%22%2C%22subtitle_col%22%3A%22info%40ccb24.cat%22%2C%22divider%22%3A%22true%22%7D%5D&#8221;][\/vc_banner_title][\/vc_column][\/vc_row][vc_row desctop_mt=&#8221;margin-lg-70t&#8221; tablets_mt=&#8221;margin-sm-40t&#8221;][vc_column width=&#8221;3\/4&#8243;][vc_empty_space height=&#8221;50&#8243;][vc_formidable form=&#8221;4&#8243;][\/vc_column][vc_column width=&#8221;1\/4&#8243;][vc_headings title=&#8221;parlem-ne&#8221; subtitle=&#8221;CONTACTE&#8221;]Carrer Costa Brava, 24<br \/>\n17460 Celr\u00e0<br \/>\nGirona<br \/>\nT. 650 139 666<br \/>\ninfo@ccb24.cat[\/vc_headings][\/vc_column][\/vc_row][vc_row full_width=&#8221;stretch_row_content_no_spaces&#8221; desctop_mt=&#8221;margin-lg-115t&#8221; tablets_mt=&#8221;margin-sm-50t&#8221;][vc_column][vc_gmaps link=&#8221;#E-8_JTNDaWZyYW1lJTIwc3JjJTNEJTIyaHR0cHMlM0ElMkYlMkZ3d3cuZ29vZ2xlLmNvbSUyRm1hcHMlMkZlbWJlZCUzRnBiJTNEJTIxMW0xOCUyMTFtMTIlMjExbTMlMjExZDMzMTguNzM1MzE5NDAyNjQyMyUyMTJkMi44ODA4NTEzMTU2NzAwMDMlMjEzZDQyLjAyNzk5OTk3OTIxMDQ4JTIxMm0zJTIxMWYwJTIxMmYwJTIxM2YwJTIxM20yJTIxMWkxMDI0JTIxMmk3NjglMjE0ZjEzLjElMjEzbTMlMjExbTIlMjExczB4MTJiYWU1ZWMwYWY1NzJlOSUyNTNBMHhlMGI3MGE2ZWYzYTI0ZjJiJTIxMnNlc3R1ZGklMjUyMENDQjI0LmNhdCUyMTVlMSUyMTNtMiUyMTFzZXMlMjEyc2VzJTIxNHYxNTkyNDY1NjgxMDk2JTIxNW0yJTIxMXNlcyUyMTJzZXMlMjIlMjB3aWR0aCUzRCUyMjgwMCUyMiUyMGhlaWdodCUzRCUyMjYwMCUyMiUyMGZyYW1lYm9yZGVyJTNEJTIyMCUyMiUyMHN0eWxlJTNEJTIyYm9yZGVyJTNBMCUzQiUyMiUyMGFsbG93ZnVsbHNjcmVlbiUzRCUyMiUyMiUyMGFyaWEtaGlkZGVuJTNEJTIyZmFsc2UlMjIlMjB0YWJpbmRleCUzRCUyMjAlMjIlM0UlM0MlMkZpZnJhbWUlM0U=&#8221;][vc_empty_space][\/vc_column][\/vc_row]<\/p>\n<\/div>","protected":false},"excerpt":{"rendered":"<p>[vc_row full_width=&#8221;stretch_row_content_no_spaces&#8221;][vc_column][vc_banner_title style=&#8221;big&#8221; color_style=&#8221;light&#8221; subtitle=&#8221;C\/CB24 ARQUITECTURA&#8221; title=&#8221;Tens una idea. Creem el teu espai&#8221; img=&#8221;3580&#8243; button=&#8221;url:https%3A%2F%2Fccb24.cat%2Fcontacte%2F|title:CONTACTE&#8221; enable_overlay=&#8221;true&#8221; enable_fullheight=&#8221;true&#8221; columns=&#8221;%5B%7B%7D%5D&#8221;][\/vc_banner_title][\/vc_column][\/vc_row][vc_row desctop_mt=&#8221;margin-lg-70t&#8221;][vc_column width=&#8221;1\/3&#8243;][\/vc_column][vc_column<\/p>\n","protected":false},"author":1,"featured_media":0,"parent":0,"menu_order":0,"comment_status":"closed","ping_status":"closed","template":"","meta":{"footnotes":""},"class_list":["post-961","page","type-page","status-publish","hentry"],"_links":{"self":[{"href":"https:\/\/ccb24.cat\/index.php?rest_route=\/wp\/v2\/pages\/961","targetHints":{"allow":["GET"]}}],"collection":[{"href":"https:\/\/ccb24.cat\/index.php?rest_route=\/wp\/v2\/pages"}],"about":[{"href":"https:\/\/ccb24.cat\/index.php?rest_route=\/wp\/v2\/types\/page"}],"author":[{"embeddable":true,"href":"https:\/\/ccb24.cat\/index.php?rest_route=\/wp\/v2\/users\/1"}],"replies":[{"embeddable":true,"href":"https:\/\/ccb24.cat\/index.php?rest_route=%2Fwp%2Fv2%2Fcomments&post=961"}],"version-history":[{"count":105,"href":"https:\/\/ccb24.cat\/index.php?rest_route=\/wp\/v2\/pages\/961\/revisions"}],"predecessor-version":[{"id":3721,"href":"https:\/\/ccb24.cat\/index.php?rest_route=\/wp\/v2\/pages\/961\/revisions\/3721"}],"wp:attachment":[{"href":"https:\/\/ccb24.cat\/index.php?rest_route=%2Fwp%2Fv2%2Fmedia&parent=961"}],"curies":[{"name":"wp","href":"https:\/\/api.w.org\/{rel}","templated":true}]}}